{"id":1196,"date":"2023-02-03T09:12:22","date_gmt":"2023-02-03T02:12:22","guid":{"rendered":"https:\/\/thanhnhanbaclieu.com\/contact\/"},"modified":"2025-05-11T13:11:06","modified_gmt":"2025-05-11T06:11:06","slug":"contact","status":"publish","type":"page","link":"https:\/\/thanhnhanbaclieu.com\/vi\/contact\/","title":{"rendered":"Li\u00ean h\u1ec7"},"content":{"rendered":"\n  <div class=\"banner has-hover banner-dau-trang\" id=\"banner-1488607053\">\n          <div class=\"banner-inner fill\">\n        <div class=\"banner-bg fill\" >\n            <div class=\"bg fill bg-fill \"><\/div>\n                                    \n                    <\/div>\n\t\t\n        <div class=\"banner-layers container\">\n            <div class=\"fill banner-link\"><\/div>            \n        <\/div>\n      <\/div>\n\n              <div class=\"height-fix is-invisible\"><img loading=\"lazy\" decoding=\"async\" width=\"1314\" height=\"438\" src=\"https:\/\/thanhnhanbaclieu.com\/wp-content\/uploads\/2025\/05\/Picture1.jpg\" class=\"attachment-original size-original\" alt=\"\" srcset=\"https:\/\/thanhnhanbaclieu.com\/wp-content\/uploads\/2025\/05\/Picture1.jpg 1314w, https:\/\/thanhnhanbaclieu.com\/wp-content\/uploads\/2025\/05\/Picture1-300x100.jpg 300w, https:\/\/thanhnhanbaclieu.com\/wp-content\/uploads\/2025\/05\/Picture1-1024x341.jpg 1024w, https:\/\/thanhnhanbaclieu.com\/wp-content\/uploads\/2025\/05\/Picture1-768x256.jpg 768w, https:\/\/thanhnhanbaclieu.com\/wp-content\/uploads\/2025\/05\/Picture1-600x200.jpg 600w\" sizes=\"auto, (max-width: 1314px) 100vw, 1314px\" \/><\/div>\n            \n<style>\n#banner-1488607053 .bg.bg-loaded {\n  background-image: url(https:\/\/thanhnhanbaclieu.com\/wp-content\/uploads\/2025\/05\/Picture1.jpg);\n}\n#banner-1488607053 .bg {\n  background-position: 0% 0%;\n}\n#banner-1488607053 .ux-shape-divider--top svg {\n  height: 150px;\n  --divider-top-width: 100%;\n}\n#banner-1488607053 .ux-shape-divider--bottom svg {\n  height: 150px;\n  --divider-width: 100%;\n}\n<\/style>\n  <\/div>\n\n\n\t<section class=\"section section1\" id=\"section_2003390003\">\n\t\t<div class=\"bg section-bg fill bg-fill  bg-loaded\" >\n\n\t\t\t\n\t\t\t\n\t\t\t\n\n\t\t<\/div>\n\n\t\t\n\n\t\t<div class=\"section-content relative\">\n\t\t\t\n<div class=\"row row-large\"  id=\"row-150520918\">\n\n\t<div id=\"col-1875617060\" class=\"col medium-6 small-12 large-6\"  >\n\t\t\t\t<div class=\"col-inner\"  >\n\t\t\t\n\t\t\t\n<h2 class=\"p1\"><b>Ch\u00fang t\u00f4i s\u1eb5n s\u00e0ng h\u1ed7 tr\u1ee3<\/b><\/h2>\n<p><em>Vui l\u00f2ng \u0111i\u1ec1n th\u00f4ng tin v\u00e0o m\u1eabu d\u01b0\u1edbi \u0111\u00e2y, ch\u00fang t\u00f4i s\u1ebd ph\u1ea3n h\u1ed3i s\u1edbm nh\u1ea5t c\u00f3 th\u1ec3.<\/em><\/p>\n\n<div class=\"wpcf7 no-js\" id=\"wpcf7-f1199-o1\" lang=\"vi-VN\" dir=\"ltr\" data-wpcf7-id=\"1199\">\n<div class=\"screen-reader-response\"><p role=\"status\" aria-live=\"polite\" aria-atomic=\"true\"><\/p> <ul><\/ul><\/div>\n<form action=\"\/vi\/wp-json\/wp\/v2\/pages\/1196#wpcf7-f1199-o1\" method=\"post\" class=\"wpcf7-form init\" aria-label=\"Contact form\" novalidate=\"novalidate\" data-status=\"init\">\n<div style=\"display: none;\">\n<input type=\"hidden\" name=\"_wpcf7\" value=\"1199\" \/>\n<input type=\"hidden\" name=\"_wpcf7_version\" value=\"6.0.6\" \/>\n<input type=\"hidden\" name=\"_wpcf7_locale\" value=\"vi_VN\" \/>\n<input type=\"hidden\" name=\"_wpcf7_unit_tag\" value=\"wpcf7-f1199-o1\" \/>\n<input type=\"hidden\" name=\"_wpcf7_container_post\" value=\"0\" \/>\n<input type=\"hidden\" name=\"_wpcf7_posted_data_hash\" value=\"\" \/>\n<\/div>\n<div class=\"form-lien-he\">\n\t<p><label> H\u1ecd t\u00ean<br \/>\n<span class=\"wpcf7-form-control-wrap\" data-name=\"your-name\"><input size=\"40\" maxlength=\"400\" class=\"wpcf7-form-control wpcf7-text wpcf7-validates-as-required\" autocomplete=\"name\" aria-required=\"true\" aria-invalid=\"false\" value=\"\" type=\"text\" name=\"your-name\" \/><\/span> <\/label>\n\t<\/p>\n\t<p><label> Email<br \/>\n<span class=\"wpcf7-form-control-wrap\" data-name=\"your-email\"><input size=\"40\" maxlength=\"400\" class=\"wpcf7-form-control wpcf7-email wpcf7-validates-as-required wpcf7-text wpcf7-validates-as-email\" autocomplete=\"email\" aria-required=\"true\" aria-invalid=\"false\" value=\"\" type=\"email\" name=\"your-email\" \/><\/span> <\/label>\n\t<\/p>\n\t<p><label> \u0110i\u1ec7n tho\u1ea1i<br \/>\n<span class=\"wpcf7-form-control-wrap\" data-name=\"your-tel\"><input size=\"40\" maxlength=\"400\" class=\"wpcf7-form-control wpcf7-tel wpcf7-validates-as-required wpcf7-text wpcf7-validates-as-tel\" aria-required=\"true\" aria-invalid=\"false\" value=\"\" type=\"tel\" name=\"your-tel\" \/><\/span> <\/label>\n\t<\/p>\n\t<p><label> N\u1ed9i dung<br \/>\n<span class=\"wpcf7-form-control-wrap\" data-name=\"your-message\"><textarea cols=\"40\" rows=\"10\" maxlength=\"2000\" class=\"wpcf7-form-control wpcf7-textarea wpcf7-validates-as-required\" aria-required=\"true\" aria-invalid=\"false\" name=\"your-message\"><\/textarea><\/span> <\/label>\n\t<\/p>\n\t<p><input class=\"wpcf7-form-control wpcf7-submit has-spinner\" type=\"submit\" value=\"G\u1eedi th\u00f4ng tin\" \/>\n\t<\/p>\n<\/div><div class=\"wpcf7-response-output\" aria-hidden=\"true\"><\/div>\n<\/form>\n<\/div>\n\n\t\t<\/div>\n\t\t\t\t\t<\/div>\n\n\t\n\n\t<div id=\"col-1882979592\" class=\"col medium-6 small-12 large-6\"  >\n\t\t\t\t<div class=\"col-inner\"  >\n\t\t\t\n\t\t\t\n<div class=\"row\"  id=\"row-1265067800\">\n\n\t<div id=\"col-1417543581\" class=\"col small-12 large-12\"  >\n\t\t\t\t<div class=\"col-inner\"  >\n\t\t\t\n\t\t\t\n<h3><strong>V\u01af\u1edcN TI\u00caU HAI D\u01af\u01a0NG<\/strong><\/h3>\n<p style=\"margin: 5px 0; display: flex; align-items: flex-start; color: #000000;\"><span style=\"display: inline-flex; align-items: center; margin-right: 8px;\"><br \/><i class=\"fas fa-map-marker-alt\" style=\"margin-right: 6px; color: #004500;\"><\/i><br \/><strong>\u0110\u1ecba ch\u1ec9:<\/strong><br \/><\/span><br \/><span style=\"flex: 1;\">\u1ea4p 4, C\u1eeda C\u1ea1n, Ph\u00fa Qu\u1ed1c, Ki\u00ean Giang, Vi\u1ec7t Nam<\/span><\/p>\n<p style=\"margin: 5px 0; display: flex; align-items: flex-start; color: #000000;\"><span style=\"display: inline-flex; align-items: center; margin-right: 8px;\"><br \/><i class=\"fas fa-phone-alt\" style=\"margin-right: 6px; color: #004500;\"><\/i><br \/><strong>\u0110i\u1ec7n tho\u1ea1i:<\/strong><br \/><\/span><br \/><span style=\"flex: 1;\"> 0352.172.462 &#8211; 0355.774.787 <\/span> <\/p>\n<p style=\"margin: 5px 0; display: flex; align-items: flex-start; color: #000000;\"><span style=\"display: inline-flex; align-items: center; margin-right: 8px;\"><br \/><i class=\"fas fa-envelope\" style=\"margin-right: 6px; color: #004500;\"><\/i><br \/><strong>Email:<\/strong><br \/><\/span><br \/><span style=\"flex: 1;\"> tranquocthanh381996@gmail.com <\/span> <\/p>\n\t\t<\/div>\n\t\t\t\t\n<style>\n#col-1417543581 > .col-inner {\n  padding: 0px 0px 0px 0px;\n  margin: 0px 0px 0px 0px;\n}\n<\/style>\n\t<\/div>\n\n\t\n\n<style>\n#row-1265067800 > .col > .col-inner {\n  padding: 0px 0px 0px 0px;\n}\n<\/style>\n<\/div>\n<div class=\"row\"  id=\"row-1654668102\">\n\n\t<div id=\"col-767299623\" class=\"col small-12 large-12\"  >\n\t\t\t\t<div class=\"col-inner\"  >\n\t\t\t\n\t\t\t\n\n<p><iframe loading=\"lazy\" style=\"border: 0;\" src=\"https:\/\/www.google.com\/maps\/embed?pb=!1m18!1m12!1m3!1d5236.76370210169!2d103.89624235345543!3d10.309283242427918!2m3!1f0!2f0!3f0!3m2!1i1024!2i768!4f13.1!3m3!1m2!1s0x31a7f51fe9109ec9%3A0xba6628f47b18caf4!2zVsaw4budbiB0acOqdSBIYWkgRMawxqFuZyAtIFBlcHBlciBGYXJt!5e0!3m2!1svi!2s!4v1746806972431!5m2!1svi!2s\" width=\"600\" height=\"500\" allowfullscreen=\"allowfullscreen\"><\/iframe><br \/>\n\n\t\t<\/div>\n\t\t\t\t\t<\/div>\n\n\t\n<\/div>\n\t\t<\/div>\n\t\t\t\t\t<\/div>\n\n\t\n<\/div>\n\t\t<\/div>\n\n\t\t\n<style>\n#section_2003390003 {\n  padding-top: 50px;\n  padding-bottom: 50px;\n}\n#section_2003390003 .ux-shape-divider--top svg {\n  height: 150px;\n  --divider-top-width: 100%;\n}\n#section_2003390003 .ux-shape-divider--bottom svg {\n  height: 150px;\n  --divider-width: 100%;\n}\n<\/style>\n\t<\/section>\n\t\n","protected":false},"excerpt":{"rendered":"","protected":false},"author":2,"featured_media":0,"parent":0,"menu_order":0,"comment_status":"closed","ping_status":"closed","template":"page-blank.php","meta":{"footnotes":""},"class_list":["post-1196","page","type-page","status-publish","hentry"],"yoast_head":"<!-- This site is optimized with the Yoast SEO Premium plugin v23.9 (Yoast SEO v23.9) - https:\/\/yoast.com\/wordpress\/plugins\/seo\/ -->\n<title>Li\u00ean h\u1ec7 - Pepper Farm<\/title>\n<meta name=\"robots\" content=\"index, follow, max-snippet:-1, max-image-preview:large, max-video-preview:-1\" \/>\n<link rel=\"canonical\" href=\"https:\/\/thanhnhanbaclieu.com\/vi\/contact\/\" \/>\n<meta property=\"og:locale\" content=\"vi_VN\" \/>\n<meta property=\"og:type\" content=\"article\" \/>\n<meta property=\"og:title\" content=\"Li\u00ean h\u1ec7\" \/>\n<meta property=\"og:url\" content=\"https:\/\/thanhnhanbaclieu.com\/vi\/contact\/\" \/>\n<meta property=\"og:site_name\" content=\"Pepper Farm\" \/>\n<meta property=\"article:modified_time\" content=\"2025-05-11T06:11:06+00:00\" \/>\n<meta name=\"twitter:card\" content=\"summary_large_image\" \/>\n<meta name=\"twitter:label1\" content=\"Est. reading time\" \/>\n\t<meta name=\"twitter:data1\" content=\"1 minute\" \/>\n<script type=\"application\/ld+json\" class=\"yoast-schema-graph\">{\"@context\":\"https:\/\/schema.org\",\"@graph\":[{\"@type\":\"WebPage\",\"@id\":\"https:\/\/thanhnhanbaclieu.com\/vi\/contact\/\",\"url\":\"https:\/\/thanhnhanbaclieu.com\/vi\/contact\/\",\"name\":\"Li\u00ean h\u1ec7 - Pepper Farm\",\"isPartOf\":{\"@id\":\"https:\/\/thanhnhanbaclieu.com\/vi\/#website\"},\"datePublished\":\"2023-02-03T02:12:22+00:00\",\"dateModified\":\"2025-05-11T06:11:06+00:00\",\"breadcrumb\":{\"@id\":\"https:\/\/thanhnhanbaclieu.com\/vi\/contact\/#breadcrumb\"},\"inLanguage\":\"vi-VN\",\"potentialAction\":[{\"@type\":\"ReadAction\",\"target\":[\"https:\/\/thanhnhanbaclieu.com\/vi\/contact\/\"]}]},{\"@type\":\"BreadcrumbList\",\"@id\":\"https:\/\/thanhnhanbaclieu.com\/vi\/contact\/#breadcrumb\",\"itemListElement\":[{\"@type\":\"ListItem\",\"position\":1,\"name\":\"Home\",\"item\":\"https:\/\/thanhnhanbaclieu.com\/vi\/\"},{\"@type\":\"ListItem\",\"position\":2,\"name\":\"Li\u00ean h\u1ec7\"}]},{\"@type\":\"WebSite\",\"@id\":\"https:\/\/thanhnhanbaclieu.com\/vi\/#website\",\"url\":\"https:\/\/thanhnhanbaclieu.com\/vi\/\",\"name\":\"Hai Duong Pepper Farm\",\"description\":\"Family farm tour\",\"publisher\":{\"@id\":\"https:\/\/thanhnhanbaclieu.com\/vi\/#organization\"},\"potentialAction\":[{\"@type\":\"SearchAction\",\"target\":{\"@type\":\"EntryPoint\",\"urlTemplate\":\"https:\/\/thanhnhanbaclieu.com\/vi\/?s={search_term_string}\"},\"query-input\":{\"@type\":\"PropertyValueSpecification\",\"valueRequired\":true,\"valueName\":\"search_term_string\"}}],\"inLanguage\":\"vi-VN\"},{\"@type\":\"Organization\",\"@id\":\"https:\/\/thanhnhanbaclieu.com\/vi\/#organization\",\"name\":\"Hai Duong Pepper Farm\",\"url\":\"https:\/\/thanhnhanbaclieu.com\/vi\/\",\"logo\":{\"@type\":\"ImageObject\",\"inLanguage\":\"vi-VN\",\"@id\":\"https:\/\/thanhnhanbaclieu.com\/vi\/#\/schema\/logo\/image\/\",\"url\":\"https:\/\/thanhnhanbaclieu.com\/wp-content\/uploads\/2025\/05\/Logo_v8.png\",\"contentUrl\":\"https:\/\/thanhnhanbaclieu.com\/wp-content\/uploads\/2025\/05\/Logo_v8.png\",\"width\":830,\"height\":356,\"caption\":\"Hai Duong Pepper Farm\"},\"image\":{\"@id\":\"https:\/\/thanhnhanbaclieu.com\/vi\/#\/schema\/logo\/image\/\"}}]}<\/script>\n<!-- \/ Yoast SEO Premium plugin. -->","yoast_head_json":{"title":"Li\u00ean h\u1ec7 - Pepper Farm","robots":{"index":"index","follow":"follow","max-snippet":"max-snippet:-1","max-image-preview":"max-image-preview:large","max-video-preview":"max-video-preview:-1"},"canonical":"https:\/\/thanhnhanbaclieu.com\/vi\/contact\/","og_locale":"vi_VN","og_type":"article","og_title":"Li\u00ean h\u1ec7","og_url":"https:\/\/thanhnhanbaclieu.com\/vi\/contact\/","og_site_name":"Pepper Farm","article_modified_time":"2025-05-11T06:11:06+00:00","twitter_card":"summary_large_image","twitter_misc":{"Est. reading time":"1 minute"},"schema":{"@context":"https:\/\/schema.org","@graph":[{"@type":"WebPage","@id":"https:\/\/thanhnhanbaclieu.com\/vi\/contact\/","url":"https:\/\/thanhnhanbaclieu.com\/vi\/contact\/","name":"Li\u00ean h\u1ec7 - Pepper Farm","isPartOf":{"@id":"https:\/\/thanhnhanbaclieu.com\/vi\/#website"},"datePublished":"2023-02-03T02:12:22+00:00","dateModified":"2025-05-11T06:11:06+00:00","breadcrumb":{"@id":"https:\/\/thanhnhanbaclieu.com\/vi\/contact\/#breadcrumb"},"inLanguage":"vi-VN","potentialAction":[{"@type":"ReadAction","target":["https:\/\/thanhnhanbaclieu.com\/vi\/contact\/"]}]},{"@type":"BreadcrumbList","@id":"https:\/\/thanhnhanbaclieu.com\/vi\/contact\/#breadcrumb","itemListElement":[{"@type":"ListItem","position":1,"name":"Home","item":"https:\/\/thanhnhanbaclieu.com\/vi\/"},{"@type":"ListItem","position":2,"name":"Li\u00ean h\u1ec7"}]},{"@type":"WebSite","@id":"https:\/\/thanhnhanbaclieu.com\/vi\/#website","url":"https:\/\/thanhnhanbaclieu.com\/vi\/","name":"Hai Duong Pepper Farm","description":"Family farm tour","publisher":{"@id":"https:\/\/thanhnhanbaclieu.com\/vi\/#organization"},"potentialAction":[{"@type":"SearchAction","target":{"@type":"EntryPoint","urlTemplate":"https:\/\/thanhnhanbaclieu.com\/vi\/?s={search_term_string}"},"query-input":{"@type":"PropertyValueSpecification","valueRequired":true,"valueName":"search_term_string"}}],"inLanguage":"vi-VN"},{"@type":"Organization","@id":"https:\/\/thanhnhanbaclieu.com\/vi\/#organization","name":"Hai Duong Pepper Farm","url":"https:\/\/thanhnhanbaclieu.com\/vi\/","logo":{"@type":"ImageObject","inLanguage":"vi-VN","@id":"https:\/\/thanhnhanbaclieu.com\/vi\/#\/schema\/logo\/image\/","url":"https:\/\/thanhnhanbaclieu.com\/wp-content\/uploads\/2025\/05\/Logo_v8.png","contentUrl":"https:\/\/thanhnhanbaclieu.com\/wp-content\/uploads\/2025\/05\/Logo_v8.png","width":830,"height":356,"caption":"Hai Duong Pepper Farm"},"image":{"@id":"https:\/\/thanhnhanbaclieu.com\/vi\/#\/schema\/logo\/image\/"}}]}},"_links":{"self":[{"href":"https:\/\/thanhnhanbaclieu.com\/vi\/wp-json\/wp\/v2\/pages\/1196","targetHints":{"allow":["GET"]}}],"collection":[{"href":"https:\/\/thanhnhanbaclieu.com\/vi\/wp-json\/wp\/v2\/pages"}],"about":[{"href":"https:\/\/thanhnhanbaclieu.com\/vi\/wp-json\/wp\/v2\/types\/page"}],"author":[{"embeddable":true,"href":"https:\/\/thanhnhanbaclieu.com\/vi\/wp-json\/wp\/v2\/users\/2"}],"replies":[{"embeddable":true,"href":"https:\/\/thanhnhanbaclieu.com\/vi\/wp-json\/wp\/v2\/comments?post=1196"}],"version-history":[{"count":8,"href":"https:\/\/thanhnhanbaclieu.com\/vi\/wp-json\/wp\/v2\/pages\/1196\/revisions"}],"predecessor-version":[{"id":1530,"href":"https:\/\/thanhnhanbaclieu.com\/vi\/wp-json\/wp\/v2\/pages\/1196\/revisions\/1530"}],"wp:attachment":[{"href":"https:\/\/thanhnhanbaclieu.com\/vi\/wp-json\/wp\/v2\/media?parent=1196"}],"curies":[{"name":"wp","href":"https:\/\/api.w.org\/{rel}","templated":true}]}}